{"id":145,"date":"2021-06-02T09:03:16","date_gmt":"2021-06-02T09:03:16","guid":{"rendered":"https:\/\/braendle.at\/?page_id=145"},"modified":"2021-06-16T08:14:31","modified_gmt":"2021-06-16T08:14:31","slug":"startseite","status":"publish","type":"page","link":"https:\/\/braendle.at\/","title":{"rendered":"Startseite"},"content":{"rendered":"\n<div class=\"wp-block-cover aligncenter has-custom-content-position is-position-top-left\"><img loading=\"lazy\" decoding=\"async\" width=\"1600\" height=\"1200\" class=\"wp-block-cover__image-background wp-image-236\" alt=\"\" src=\"https:\/\/braendle.at\/wp-content\/uploads\/2021\/06\/Dach.jpg\" style=\"object-position:56% 41%\" data-object-fit=\"cover\" data-object-position=\"56% 41%\" srcset=\"https:\/\/braendle.at\/wp-content\/uploads\/2021\/06\/Dach.jpg 1600w, https:\/\/braendle.at\/wp-content\/uploads\/2021\/06\/Dach-300x225.jpg 300w, https:\/\/braendle.at\/wp-content\/uploads\/2021\/06\/Dach-1024x768.jpg 1024w, https:\/\/braendle.at\/wp-content\/uploads\/2021\/06\/Dach-768x576.jpg 768w, https:\/\/braendle.at\/wp-content\/uploads\/2021\/06\/Dach-1536x1152.jpg 1536w\" sizes=\"auto, (max-width: 1600px) 100vw, 1600px\" \/><div class=\"wp-block-cover__inner-container is-layout-flow wp-block-cover-is-layout-flow\">\n<p class=\"has-white-color has-text-color has-large-font-size\">Willkommen bei <br>Spenglerei Br\u00e4ndle<\/p>\n<\/div><\/div>\n\n\n\n<p class=\"has-black-color has-white-background-color has-text-color has-background\">Seit 1991 sind wir als Bauspenglerei und Flachdachbetrieb in Hohenems t\u00e4tig. <br><br>Unsere Leistungen und Produkte sind in den Bereichen Bauspengler- und Flachdacharbeiten, Dachservice, Reparaturen, Terrassenabdichtungen sowie Schadensuche bei Wassereintritt. <br><br>Durch langj\u00e4hrige Erfahrung k\u00f6nnen wir unseren Kunden individuelle L\u00f6sungen anbieten.<br><br>Wir freuen uns auf Ihre Anfrage.<br><br>Gerhard Br\u00e4ndle Spenglerei<\/p>\n","protected":false},"excerpt":{"rendered":"<p>Seit 1991 sind wir als Bauspenglerei und Flachdachbetrieb in Hohenems t\u00e4tig. Unsere Leistungen und Produkte sind in den Bereichen Bauspengler- und Flachdacharbeiten, Dachservice, Reparaturen, Terrassenabdichtungen sowie Schadensuche bei Wassereintritt. Durch langj\u00e4hrige Erfahrung k\u00f6nnen wir unseren Kunden individuelle L\u00f6sungen anbieten. Wir freuen uns auf Ihre Anfrage. Gerhard Br\u00e4ndle Spenglerei<\/p>\n","protected":false},"author":1,"featured_media":0,"parent":0,"menu_order":0,"comment_status":"closed","ping_status":"closed","template":"","meta":{"footnotes":""},"class_list":["post-145","page","type-page","status-publish"],"_links":{"self":[{"href":"https:\/\/braendle.at\/index.php?rest_route=\/wp\/v2\/pages\/145","targetHints":{"allow":["GET"]}}],"collection":[{"href":"https:\/\/braendle.at\/index.php?rest_route=\/wp\/v2\/pages"}],"about":[{"href":"https:\/\/braendle.at\/index.php?rest_route=\/wp\/v2\/types\/page"}],"author":[{"embeddable":true,"href":"https:\/\/braendle.at\/index.php?rest_route=\/wp\/v2\/users\/1"}],"replies":[{"embeddable":true,"href":"https:\/\/braendle.at\/index.php?rest_route=%2Fwp%2Fv2%2Fcomments&post=145"}],"version-history":[{"count":14,"href":"https:\/\/braendle.at\/index.php?rest_route=\/wp\/v2\/pages\/145\/revisions"}],"predecessor-version":[{"id":242,"href":"https:\/\/braendle.at\/index.php?rest_route=\/wp\/v2\/pages\/145\/revisions\/242"}],"wp:attachment":[{"href":"https:\/\/braendle.at\/index.php?rest_route=%2Fwp%2Fv2%2Fmedia&parent=145"}],"curies":[{"name":"wp","href":"https:\/\/api.w.org\/{rel}","templated":true}]}}