{"id":202,"date":"2021-06-07T09:00:47","date_gmt":"2021-06-07T09:00:47","guid":{"rendered":"https:\/\/braendle.at\/?page_id=202"},"modified":"2021-06-08T11:41:39","modified_gmt":"2021-06-08T11:41:39","slug":"impressum","status":"publish","type":"page","link":"https:\/\/braendle.at\/?page_id=202","title":{"rendered":"Impressum"},"content":{"rendered":"\n<p><strong>Verantwortlich f\u00fcr den Inhalt dieser Seite:<\/strong><br>Spenglerei Br\u00e4ndle<br>Ermenstra\u00dfe 9<br>6845&nbsp;Hohenems<br>Tel\/Fax 05576\/79206<br>Mobiltelefon&nbsp;0664\/212 7119<br>spenglerei@braendle.at<\/p>\n\n\n\n<p><strong>Vollst\u00e4ndiger Firmenname:<\/strong><br>Gerhard Br\u00e4ndle Spenglerei \/ Flachdach<\/p>\n\n\n\n<p><strong>Ort der Gewerbeberechtigung:<\/strong><br>Ermenstra\u00dfe 9<br>6845 Hohenems<br>\u00d6sterreich<\/p>\n\n\n\n<p><strong>UID-Nummer:<\/strong><br>ATU 3629 1801<\/p>\n\n\n\n<p><strong>Rechtsform:<\/strong><br>Einzelunternehmen<\/p>\n\n\n\n<p><strong>Unternehmensgegenstand:<\/strong><br>Spenglerei \/ Flachdach<\/p>\n\n\n\n<p><strong>Gesch\u00e4ftsf\u00fchrung\/Juristische Person:<br><\/strong>Gerhard Br\u00e4ndle<\/p>\n\n\n\n<p><strong>Zus\u00e4tzliche Informationspflicht:<\/strong><br>Copyright &#8211; Bildmaterial:<br>Gerhard Br\u00e4ndle<\/p>\n\n\n\n<p><strong>Kammer\/Berufsverband-Zugeh\u00f6rigkeit(en):<\/strong><br>Wirtschaftskammer Vorarlberg<\/p>\n\n\n\n<p><strong>Aufsichtsbeh\u00f6rde:<\/strong><br>Bezirkshauptmannschaft Dornbirn<\/p>\n\n\n\n<p><strong>Gewerbeordnung:<\/strong><br>Anwendbare gewerbe- oder berufsrechtliche Vorschriften: Gewerbeordnung 1994, abrufbar unter\u00a0<a href=\"http:\/\/www.ris.bka.gv.at\">http:\/\/www.ris.bka.gv.at<\/a><\/p>\n\n\n\n<p><\/p>\n\n\n\n<p><strong>HAFTUNGSAUSSCHLUSS:<\/strong><\/p>\n\n\n\n<p><strong>Inhalt des Onlineangebotes:<\/strong><br>Der Autor \u00fcbernimmt keinerlei Gew\u00e4hr f\u00fcr die Aktualit\u00e4t, Korrektheit, Vollst\u00e4ndigkeit oder Qualit\u00e4t der bereitgestellten Informationen. Haftungsanspr\u00fcche gegen den Autor, welche sich auf Sch\u00e4den materieller oder ideeller Art beziehen, die durch die Nutzung oder Nichtnutzung der dargebotenen Informationen bzw. durch die Nutzung fehlerhafter und unvollst\u00e4ndiger Informationen verursacht wurden, sind grunds\u00e4tzlich ausgeschlossen, sofern seitens des Autors kein nachweislich vors\u00e4tzliches oder grob fahrl\u00e4ssiges Verschulden vorliegt. Alle Angebote sind freibleibend und unverbindlich. Der Autor beh\u00e4lt es sich ausdr\u00fccklich vor, Teile der Seiten oder das gesamte Angebot ohne gesonderte Ank\u00fcndigung zu ver\u00e4ndern, zu erg\u00e4nzen, zu l\u00f6schen oder die Ver\u00f6ffentlichung zeitweise oder endg\u00fcltig einzustellen.<br><br><strong>Verweise und Links:<\/strong><br>Bei direkten oder indirekten Verweisen auf fremde Internetseiten (Links), die au\u00dferhalb des Verantwortungsbereiches des Autors liegen, w\u00fcrde eine Haftungsverpflichtung ausschlie\u00dflich in dem Fall in Kraft treten, in dem der Autor von den Inhalten Kenntnis hat und es ihm technisch m\u00f6glich und zumutbar w\u00e4re, die Nutzung im Falle rechtswidriger Inhalte zu verhindern. Der Autor erkl\u00e4rt hiermit ausdr\u00fccklich, dass zum Zeitpunkt der Linksetzung keine illegalen Inhalte auf den zu verlinkenden Seiten erkennbar waren. Auf die aktuelle und zuk\u00fcnftige Gestaltung, die Inhalte oder die Urheberschaft der gelinkten\/verkn\u00fcpften Seiten hat der Autor keinerlei Einfluss. Deshalb distanziert er sich hiermit ausdr\u00fccklich von allen Inhalten aller gelinkten\/verkn\u00fcpften Seiten, die nach der Linksetzung ver\u00e4ndert wurden. Diese Feststellung gilt f\u00fcr alle innerhalb des eigenen Internetangebotes gesetzten Links und Verweise sowie f\u00fcr Fremdeintr\u00e4ge in vom Autor eingerichtete G\u00e4steb\u00fccher, Diskussionsforen und Mailinglisten. F\u00fcr illegale, fehlerhafte oder unvollst\u00e4ndige Inhalte und insbesondere f\u00fcr Sch\u00e4den, die aus der Nutzung oder Nichtnutzung solcherart dargebotener Informationen entstehen, haftet allein der Anbieter der Seite, auf welche verwiesen wurde, nicht derjenige, der \u00fcber Links auf die jeweilige Ver\u00f6ffentlichung lediglich verweist.<br><br><strong>Urheber- und Kennzeichenrecht:<\/strong><br>Der Autor ist bestrebt, in allen Publikationen die Urheberrechte der verwendeten Grafiken, Tondokumente, Videosequenzen und Texte zu beachten, von ihm selbst erstellte Grafiken, Tondokumente, Videosequenzen und Texte zu nutzen oder auf lizenzfreie Grafiken, Tondokumente, Videosequenzen und Texte zur\u00fcckzugreifen. Alle innerhalb des Internetangebotes genannten und ggf. durch Dritte gesch\u00fctzten Marken- und Warenzeichen unterliegen uneingeschr\u00e4nkt den Bestimmungen des jeweils g\u00fcltigen Kennzeichenrechts und den Besitzrechten der jeweiligen eingetragenen Eigent\u00fcmer. Allein aufgrund der blo\u00dfen Nennung ist nicht der Schluss zu ziehen, dass Markenzeichen nicht durch Rechte Dritter gesch\u00fctzt sind! Das Copyright f\u00fcr ver\u00f6ffentlichte, vom Autor selbst erstellte Objekte bleibt allein beim Autor der Seiten. Eine Vervielf\u00e4ltigung oder Verwendung solcher Grafiken, Tondokumente, Videosequenzen und Texte in anderen elektronischen oder gedruckten Publikationen ist ohne ausdr\u00fcckliche Zustimmung des Autors nicht gestattet.<\/p>\n","protected":false},"excerpt":{"rendered":"<p>Verantwortlich f\u00fcr den Inhalt dieser Seite:Spenglerei Br\u00e4ndleErmenstra\u00dfe 96845&nbsp;HohenemsTel\/Fax 05576\/79206Mobiltelefon&nbsp;0664\/212 7119spenglerei@braendle.at Vollst\u00e4ndiger Firmenname:Gerhard Br\u00e4ndle Spenglerei \/ Flachdach Ort der Gewerbeberechtigung:Ermenstra\u00dfe 96845 Hohenems\u00d6sterreich UID-Nummer:ATU 3629 1801 Rechtsform:Einzelunternehmen Unternehmensgegenstand:Spenglerei \/ Flachdach Gesch\u00e4ftsf\u00fchrung\/Juristische Person:Gerhard Br\u00e4ndle Zus\u00e4tzliche Informationspflicht:Copyright &#8211; Bildmaterial:Gerhard Br\u00e4ndle Kammer\/Berufsverband-Zugeh\u00f6rigkeit(en):Wirtschaftskammer Vorarlberg Aufsichtsbeh\u00f6rde:Bezirkshauptmannschaft Dornbirn Gewerbeordnung:Anwendbare gewerbe- oder berufsrechtliche Vorschriften: Gewerbeordnung 1994, abrufbar unter\u00a0http:\/\/www.ris.bka.gv.at HAFTUNGSAUSSCHLUSS: Inhalt des Onlineangebotes:Der Autor \u00fcbernimmt &#8230; <a title=\"Impressum\" class=\"read-more\" href=\"https:\/\/braendle.at\/?page_id=202\" aria-label=\"Mehr Informationen \u00fcber Impressum\">Weiterlesen<\/a><\/p>\n","protected":false},"author":1,"featured_media":0,"parent":0,"menu_order":0,"comment_status":"closed","ping_status":"closed","template":"","meta":{"footnotes":""},"class_list":["post-202","page","type-page","status-publish"],"_links":{"self":[{"href":"https:\/\/braendle.at\/index.php?rest_route=\/wp\/v2\/pages\/202","targetHints":{"allow":["GET"]}}],"collection":[{"href":"https:\/\/braendle.at\/index.php?rest_route=\/wp\/v2\/pages"}],"about":[{"href":"https:\/\/braendle.at\/index.php?rest_route=\/wp\/v2\/types\/page"}],"author":[{"embeddable":true,"href":"https:\/\/braendle.at\/index.php?rest_route=\/wp\/v2\/users\/1"}],"replies":[{"embeddable":true,"href":"https:\/\/braendle.at\/index.php?rest_route=%2Fwp%2Fv2%2Fcomments&post=202"}],"version-history":[{"count":4,"href":"https:\/\/braendle.at\/index.php?rest_route=\/wp\/v2\/pages\/202\/revisions"}],"predecessor-version":[{"id":220,"href":"https:\/\/braendle.at\/index.php?rest_route=\/wp\/v2\/pages\/202\/revisions\/220"}],"wp:attachment":[{"href":"https:\/\/braendle.at\/index.php?rest_route=%2Fwp%2Fv2%2Fmedia&parent=202"}],"curies":[{"name":"wp","href":"https:\/\/api.w.org\/{rel}","templated":true}]}}